{"id":1502,"date":"2025-05-08T09:18:25","date_gmt":"2025-05-08T09:18:25","guid":{"rendered":"https:\/\/puntodemediacion.es\/?post_type=product&#038;p=1502"},"modified":"2025-05-08T09:20:53","modified_gmt":"2025-05-08T09:20:53","slug":"caucus","status":"publish","type":"product","link":"https:\/\/puntodemediacion.es\/index.php\/product\/caucus\/","title":{"rendered":"Sesi\u00f3n Individual de Mediaci\u00f3n"},"content":{"rendered":"<p>La solicitud de mediaci\u00f3n es el punto de partida para iniciar un proceso estructurado de resoluci\u00f3n de conflictos. A trav\u00e9s de este tr\u00e1mite, las partes interesadas\u00a0<strong>expresan su intenci\u00f3n de recurrir a la mediaci\u00f3n como alternativa a los procedimientos judiciales tradicionales.<\/strong> Una vez presentada la solicitud, un mediador imparcial y profesional acompa\u00f1a a las partes para identificar sus intereses, fomentar el di\u00e1logo y alcanzar acuerdos de manera colaborativa, voluntaria y confidencial.\u00a0<strong>Este proceso es especialmente \u00fatil en conflictos civiles, mercantiles, familiares o educativos, entre otros \u00e1mbitos,\u00a0<\/strong>promoviendo soluciones r\u00e1pidas, efectivas y ajustadas a las necesidades de los involucrados. La mediaci\u00f3n no solo facilita la resoluci\u00f3n de disputas, sino que tambi\u00e9n mejora las relaciones entre las partes, fomenta la comunicaci\u00f3n y contribuye a reducir la carga en los tribunales.\u00a0<strong>Presentar una solicitud de mediaci\u00f3n es el primer paso hacia un enfoque restaurativo y constructivo.<\/strong><\/p>\r\n<p>&nbsp;<\/p>\r\n\r\n<div class=\"wp-block-buttons is-layout-flex wp-block-buttons-is-layout-flex\">\r\n<div class=\"wp-block-button\"><a class=\"wp-block-button__link has-vivid-cyan-blue-background-color has-background wp-element-button\" href=\"https:\/\/esfem.es\/categoria-producto\/mediacion\/\">Cursos que habilitan para ejercer la mediaci\u00f3n<\/a><\/div>\r\n<div>\u00a0<\/div>\r\n<\/div>\r\n\r\n\r\n\r\n<p>\u00a0 <strong>Inscritos en el Registro de Mediadores del Ministerio de Justicia Espa\u00f1ol.<\/strong><\/p>\r\n\r\n\r\n\r\n<p>Explora los cursos de mediaci\u00f3n de <strong>Punto de mediaci\u00f3n, <\/strong>creados para capacitar a profesionales en la resoluci\u00f3n efectiva de conflictos. Adquiere t\u00e9cnicas avanzadas y estrategias pr\u00e1cticas aplicables a una amplia variedad de contextos.<\/p>\r\n\r\n\r\n\r\n<p>Nuestro programa integral combina teor\u00eda y pr\u00e1ctica, otorg\u00e1ndote una certificaci\u00f3n reconocida en el \u00e1mbito de la mediaci\u00f3n. <strong>Perfecto para quienes desean iniciar una carrera en mediaci\u00f3n o perfeccionar sus habilidades en gesti\u00f3n de conflictos.<\/strong> \u00a1Forma parte de nuestra comunidad y potencia tu capacidad para resolver conflictos con \u00e9xito!<\/p>\r\n","protected":false},"excerpt":{"rendered":"<p>La solicitud de mediaci\u00f3n es el punto de partida para iniciar un proceso estructurado de resoluci\u00f3n de conflictos. A trav\u00e9s de este tr\u00e1mite, las partes interesadas\u00a0expresan su intenci\u00f3n de recurrir a la mediaci\u00f3n como alternativa a los procedimientos judiciales tradicionales. Una vez presentada la solicitud, un mediador imparcial y profesional acompa\u00f1a a las partes para [&hellip;]<\/p>\n","protected":false},"featured_media":1038,"comment_status":"open","ping_status":"closed","template":"","meta":[],"product_brand":[],"product_cat":[30],"product_tag":[],"class_list":{"0":"post-1502","1":"product","2":"type-product","3":"status-publish","4":"has-post-thumbnail","6":"product_cat-certificados","8":"first","9":"instock","10":"virtual","11":"taxable","12":"purchasable","13":"product-type-simple"},"_links":{"self":[{"href":"https:\/\/puntodemediacion.es\/index.php\/wp-json\/wp\/v2\/product\/1502","targetHints":{"allow":["GET"]}}],"collection":[{"href":"https:\/\/puntodemediacion.es\/index.php\/wp-json\/wp\/v2\/product"}],"about":[{"href":"https:\/\/puntodemediacion.es\/index.php\/wp-json\/wp\/v2\/types\/product"}],"replies":[{"embeddable":true,"href":"https:\/\/puntodemediacion.es\/index.php\/wp-json\/wp\/v2\/comments?post=1502"}],"wp:featuredmedia":[{"embeddable":true,"href":"https:\/\/puntodemediacion.es\/index.php\/wp-json\/wp\/v2\/media\/1038"}],"wp:attachment":[{"href":"https:\/\/puntodemediacion.es\/index.php\/wp-json\/wp\/v2\/media?parent=1502"}],"wp:term":[{"taxonomy":"product_brand","embeddable":true,"href":"https:\/\/puntodemediacion.es\/index.php\/wp-json\/wp\/v2\/product_brand?post=1502"},{"taxonomy":"product_cat","embeddable":true,"href":"https:\/\/puntodemediacion.es\/index.php\/wp-json\/wp\/v2\/product_cat?post=1502"},{"taxonomy":"product_tag","embeddable":true,"href":"https:\/\/puntodemediacion.es\/index.php\/wp-json\/wp\/v2\/product_tag?post=1502"}],"curies":[{"name":"wp","href":"https:\/\/api.w.org\/{rel}","templated":true}]}}