{"id":743,"date":"2023-12-26T16:55:21","date_gmt":"2023-12-26T16:55:21","guid":{"rendered":"https:\/\/puntodemediacion.es\/index.php\/home\/"},"modified":"2025-02-03T18:09:56","modified_gmt":"2025-02-03T18:09:56","slug":"home","status":"publish","type":"page","link":"https:\/\/puntodemediacion.es\/","title":{"rendered":"Bienvenido a la Sede Electr\u00f3nica\u00a0de Punto de Mediaci\u00f3n"},"content":{"rendered":"\n<p><\/p>\n\n\n\n<!DOCTYPE html>\n<html lang=\"es\">\n<head>\n  <meta charset=\"UTF-8\">\n  <meta name=\"viewport\" content=\"width=device-width, initial-scale=1.0\">\n  <title>Certificado de Mediaci\u00f3n<\/title>\n  <style>\n    \/* Estilos del acorde\u00f3n *\/\n    .accordion {\n      background-color: #f1f1f1;\n      color: #444;\n      cursor: pointer;\n      padding: 10px;\n      width: 100%;\n      border: none;\n      text-align: left;\n      outline: none;\n      font-size: 15px;\n      transition: background-color 0.3s ease;\n    }\n\n    .accordion:hover {\n      background-color: #ddd;\n    }\n\n    .panel {\n      padding: 0 18px;\n      display: none;\n      background-color: #f9f9f9;\n      overflow: hidden;\n    }\n\n    .action-text {\n      color: #007bff;\n      font-weight: bold;\n      cursor: pointer;\n    }\n  <\/style>\n<\/head>\n<body>\n\n  <h2>Solicitud de Mediaci\u00f3n para Cumplir con el Requisito de Procedibilidad<\/h2>\n  \n  <p>Para cumplir con los requisitos establecidos por la Ley 1\/2025, puedes solicitar <strong>el intento de mediaci\u00f3n de un conflicto a trav\u00e9s de un Mediador Acreditado o Entidad de Mediaci\u00f3n<\/strong>. El certificado de mediaci\u00f3n, que debe ser emitido por el profesional o instituci\u00f3n que haya gestionado el proceso, es <strong> obligatorio para adjuntarlo a la demanda judicial<\/strong> y as\u00ed cumplir con el requisito de procedibilidad.<\/p>\n  \n  <button class=\"accordion\">\u00bfC\u00f3mo solicitarla? <span class=\"action-text\">\u00a1Haz clic aqu\u00ed para saber c\u00f3mo!<\/span><\/button>\n  <div class=\"panel\"><\/p>\n    <p>1. <strong>Reg\u00edstrate en nuestra sede electr\u00f3nica.<\/strong><\/p>\n    <p>2. <strong>Solicita la mediaci\u00f3n<\/strong>, completando el formulario correspondiente.<\/p>\n    <p>3. <strong>Recibir\u00e1s la fecha de la sesi\u00f3n de mediaci\u00f3n,<\/strong> sujeta a la confirmaci\u00f3n de asistencia por parte de la parte requerida.<\/p>\n    <p><strong>Recuerda:<\/strong>  En caso de que no sea posible la comunicaci\u00f3n con la parte requerida por causas ajenas al solicitante, o si no se recibe respuesta al escrito enviado, o si, tras confirmar la asistencia, la sesi\u00f3n no llega a celebrarse, se entender\u00e1, conforme al art\u00edculo 17 de la Ley 5\/2012, que la parte requerida ha rehusado la mediaci\u00f3n. En este caso, se emitir\u00e1 un <strong>certificado de inasistencia<\/strong> firmado por un mediador de la entidad, que permitir\u00e1 al solicitante cumplir con el requisito de procedibilidad.<\/p>\n  <\/div>\n\n  <script>\n    \/\/ Script del acorde\u00f3n\n    var acc = document.getElementsByClassName(\"accordion\");\n    for (var i = 0; i < acc.length; i++) {\n      acc[i].addEventListener(\"click\", function() {\n        this.classList.toggle(\"active\");\n        var panel = this.nextElementSibling;\n        if (panel.style.display === \"block\") {\n          panel.style.display = \"none\";\n        } else {\n          panel.style.display = \"block\";\n        }\n      });\n    }\n  <\/script>\n\n<\/body>\n<\/html>\n\n\n\n<p><\/p>\n\n\n\n<p><\/p>\n\n\n<div class=\"wp-block-image\">\n<figure class=\"aligncenter size-full\"><a href=\"https:\/\/puntodemediacion.es\/index.php\/alta-en-la-sede-electronica\/\"><img loading=\"lazy\" decoding=\"async\" width=\"335\" height=\"179\" src=\"https:\/\/puntodemediacion.es\/wp-content\/uploads\/2025\/01\/OIP.jpeg\" alt=\"\" class=\"wp-image-1038\" srcset=\"https:\/\/puntodemediacion.es\/wp-content\/uploads\/2025\/01\/OIP.jpeg 335w, https:\/\/puntodemediacion.es\/wp-content\/uploads\/2025\/01\/OIP-300x160.jpeg 300w\" sizes=\"auto, (max-width: 335px) 100vw, 335px\" \/><\/a><\/figure>\n<\/div>\n\n\n<p>\"Una vez completado el <a href=\"https:\/\/puntodemediacion.es\/index.php\/alta-en-la-sede-electronica\/\">proceso de alta en nuestra sede electr\u00f3nica,<\/a> podr\u00e1s acceder de manera \u00e1gil y segura a la <strong>gesti\u00f3n de tus solicitudes, certificados y servicios relacionados con la mediaci\u00f3n.<\/strong> Recuerda que este registro es un paso clave para formar parte activa de nuestro compromiso con la resoluci\u00f3n de conflictos y la mejora de la convivencia. \u00a1Bienvenido\/a!<\/p>\n\n\n\n<hr class=\"wp-block-separator has-alpha-channel-opacity\"\/>\n\n\n<div class=\"wp-block-image\">\n<figure class=\"aligncenter size-full\"><a href=\"https:\/\/remediabuscador.mjusticia.gob.es\/remediabuscador\/DetalleInstitucion.action?id=3411\"><img loading=\"lazy\" decoding=\"async\" width=\"567\" height=\"121\" src=\"https:\/\/puntodemediacion.es\/wp-content\/uploads\/2023\/12\/Captura233.png\" alt=\"\" class=\"wp-image-879\" srcset=\"https:\/\/puntodemediacion.es\/wp-content\/uploads\/2023\/12\/Captura233.png 567w, https:\/\/puntodemediacion.es\/wp-content\/uploads\/2023\/12\/Captura233-300x64.png 300w\" sizes=\"auto, (max-width: 567px) 100vw, 567px\" \/><\/a><\/figure>\n<\/div>\n\n\n<p><\/p>\n\n\n\n<p><strong>La Instituci\u00f3n PUNTO DE MEDIACI\u00d3N como entidad certificadora<\/strong><\/p>\n\n\n\n<p><a href=\"https:\/\/remediabuscador.mjusticia.gob.es\/remediabuscador\/DetalleInstitucion.action?id=3411\">Mediadores e Instituciones de Mediaci\u00f3n<\/a><\/p>\n\n\n\n<p><strong>PUNTO DE MEDIACI\u00d3N&nbsp;<\/strong>es una instituci\u00f3n destacada en el \u00e1mbito de la mediaci\u00f3n en Espa\u00f1a, registrada en el Ministerio de Justicia como mediadora certificada. Nos especializamos en proporcionar servicios de mediaci\u00f3n de alta calidad y en ofrecer formaci\u00f3n profesional para mediadores. Colaboramos estrechamente con diversas organizaciones para impulsar el uso de la mediaci\u00f3n como una herramienta eficaz de resoluci\u00f3n de conflictos. <strong> <a href=\"https:\/\/puntodemediacion.es\/index.php\/entidad-certificadora\/\">Leer mas +<\/a><\/strong><\/p>\n\n\n\n<hr class=\"wp-block-separator has-alpha-channel-opacity\"\/>\n\n\n\n<p><strong><a href=\"https:\/\/puntodemediacion.es\/index.php\/solicitud-de-mediacion\/\">Acceso R\u00e1pido a Servicios<\/a><\/strong><\/p>\n\n\n\n<figure class=\"wp-block-image size-large\"><a href=\"https:\/\/puntodemediacion.es\/index.php\/solicitud-de-mediacion\/\"><img loading=\"lazy\" decoding=\"async\" width=\"1024\" height=\"147\" src=\"https:\/\/puntodemediacion.es\/wp-content\/uploads\/2025\/01\/Mediacion-solicitud-1024x147.png\" alt=\"\" class=\"wp-image-1271\" srcset=\"https:\/\/puntodemediacion.es\/wp-content\/uploads\/2025\/01\/Mediacion-solicitud-1024x147.png 1024w, https:\/\/puntodemediacion.es\/wp-content\/uploads\/2025\/01\/Mediacion-solicitud-300x43.png 300w, https:\/\/puntodemediacion.es\/wp-content\/uploads\/2025\/01\/Mediacion-solicitud-768x110.png 768w, https:\/\/puntodemediacion.es\/wp-content\/uploads\/2025\/01\/Mediacion-solicitud-600x86.png 600w, https:\/\/puntodemediacion.es\/wp-content\/uploads\/2025\/01\/Mediacion-solicitud.png 1181w\" sizes=\"auto, (max-width: 1024px) 100vw, 1024px\" \/><\/a><\/figure>\n\n\n\n<p><\/p>\n\n\n\n<p><a href=\"https:\/\/puntodemediacion.es\/index.php\/solicitud-de-mediacion\/\">La solicitud de mediaci\u00f3n<\/a> es el punto de partida para iniciar un proceso estructurado de resoluci\u00f3n de conflictos. A trav\u00e9s de este tr\u00e1mite, las partes interesadas <strong>expresan su intenci\u00f3n de recurrir a la mediaci\u00f3n como alternativa a los procedimientos judiciales tradicionales.<\/strong><\/p>\n\n\n\n<p>Una vez presentada la solicitud, un mediador imparcial y profesional acompa\u00f1a a las partes para identificar sus intereses, fomentar el di\u00e1logo y alcanzar acuerdos de manera colaborativa, voluntaria y confidencial. <strong>Este proceso es especialmente \u00fatil en conflictos civiles, mercantiles, familiares o educativos, entre otros \u00e1mbitos, <\/strong>promoviendo soluciones r\u00e1pidas, efectivas y ajustadas a las necesidades de los involucrados.<\/p>\n\n\n\n<p>La mediaci\u00f3n no solo facilita la resoluci\u00f3n de disputas, sino que tambi\u00e9n mejora las relaciones entre las partes, fomenta la comunicaci\u00f3n y contribuye a reducir la carga en los tribunales. <strong>Presentar una solicitud de mediaci\u00f3n es el primer paso hacia un enfoque restaurativo y constructivo.<\/strong> <a href=\"https:\/\/puntodemediacion.es\/index.php\/solicitud-de-mediacion\/\">Pincha aqu\u00ed para solicitar una mediaci\u00f3n<\/a><\/p>\n\n\n\n<hr class=\"wp-block-separator has-alpha-channel-opacity\"\/>\n\n\n\n<figure class=\"wp-block-image size-large\"><a href=\"https:\/\/puntodemediacion.es\/index.php\/1257-2\/\"><img loading=\"lazy\" decoding=\"async\" width=\"1024\" height=\"155\" src=\"https:\/\/puntodemediacion.es\/wp-content\/uploads\/2025\/01\/Video-1024x155.png\" alt=\"\" class=\"wp-image-1268\" srcset=\"https:\/\/puntodemediacion.es\/wp-content\/uploads\/2025\/01\/Video-1024x155.png 1024w, https:\/\/puntodemediacion.es\/wp-content\/uploads\/2025\/01\/Video-300x45.png 300w, https:\/\/puntodemediacion.es\/wp-content\/uploads\/2025\/01\/Video-768x116.png 768w, https:\/\/puntodemediacion.es\/wp-content\/uploads\/2025\/01\/Video-600x91.png 600w, https:\/\/puntodemediacion.es\/wp-content\/uploads\/2025\/01\/Video.png 1108w\" sizes=\"auto, (max-width: 1024px) 100vw, 1024px\" \/><\/a><\/figure>\n\n\n\n<p>En&nbsp;<strong>Punto de Mediaci\u00f3n<\/strong>, nos adaptamos a las necesidades de nuestros clientes, ofreciendo soluciones modernas y accesibles para la resoluci\u00f3n de conflictos. Adem\u00e1s de la mediaci\u00f3n presencial, ahora tambi\u00e9n ofrecemos la posibilidad de realizar&nbsp;<strong>mediaciones por videoconferencia<\/strong>&nbsp;utilizando la plataforma GOOGLE MEET. <a href=\"https:\/\/puntodemediacion.es\/index.php\/1257-2\/\">Ver +<\/a><\/p>\n\n\n\n<hr class=\"wp-block-separator has-alpha-channel-opacity\"\/>\n\n\n\n<figure class=\"wp-block-image size-large\"><a href=\"https:\/\/puntodemediacion.es\/index.php\/guia-rapida-para-solicitar-una-mediacion-y-emision-de-certificado-de-inasistencia\/\"><img loading=\"lazy\" decoding=\"async\" width=\"1024\" height=\"161\" src=\"https:\/\/puntodemediacion.es\/wp-content\/uploads\/2025\/01\/guia-rapida-1024x161.png\" alt=\"\" class=\"wp-image-1277\" srcset=\"https:\/\/puntodemediacion.es\/wp-content\/uploads\/2025\/01\/guia-rapida-1024x161.png 1024w, https:\/\/puntodemediacion.es\/wp-content\/uploads\/2025\/01\/guia-rapida-300x47.png 300w, https:\/\/puntodemediacion.es\/wp-content\/uploads\/2025\/01\/guia-rapida-768x121.png 768w, https:\/\/puntodemediacion.es\/wp-content\/uploads\/2025\/01\/guia-rapida-600x95.png 600w, https:\/\/puntodemediacion.es\/wp-content\/uploads\/2025\/01\/guia-rapida.png 1187w\" sizes=\"auto, (max-width: 1024px) 100vw, 1024px\" \/><\/a><\/figure>\n\n\n\n<p>En&nbsp;<strong>Punto de Mediaci\u00f3n<\/strong>, estamos comprometidos con facilitarte la resoluci\u00f3n de conflictos de forma r\u00e1pida, eficiente y conforme a la normativa vigente. A continuaci\u00f3n te explicamos paso a paso c\u00f3mo solicitar una mediaci\u00f3n y <a href=\"https:\/\/puntodemediacion.es\/index.php\/guia-rapida-para-solicitar-una-mediacion-y-emision-de-certificado-de-inasistencia\/\">qu\u00e9 sucede si alguna de las partes no asiste a la sesi\u00f3n informativa.<\/a> <a href=\"https:\/\/puntodemediacion.es\/index.php\/guia-rapida-para-solicitar-una-mediacion-y-emision-de-certificado-de-inasistencia\/\">Ver +<\/a><\/p>\n\n\n\n<hr class=\"wp-block-separator has-alpha-channel-opacity\"\/>\n\n\n\n<figure class=\"wp-block-image size-large\"><a href=\"https:\/\/puntodemediacion.es\/index.php\/adaptacion-a-la-ley-1-2025-mediacion-como-requisito-procesal\/\"><img loading=\"lazy\" decoding=\"async\" width=\"1024\" height=\"121\" src=\"https:\/\/puntodemediacion.es\/wp-content\/uploads\/2025\/01\/01-25-1024x121.png\" alt=\"\" class=\"wp-image-1254\" srcset=\"https:\/\/puntodemediacion.es\/wp-content\/uploads\/2025\/01\/01-25-1024x121.png 1024w, https:\/\/puntodemediacion.es\/wp-content\/uploads\/2025\/01\/01-25-300x35.png 300w, https:\/\/puntodemediacion.es\/wp-content\/uploads\/2025\/01\/01-25-768x91.png 768w, https:\/\/puntodemediacion.es\/wp-content\/uploads\/2025\/01\/01-25-600x71.png 600w, https:\/\/puntodemediacion.es\/wp-content\/uploads\/2025\/01\/01-25.png 1188w\" sizes=\"auto, (max-width: 1024px) 100vw, 1024px\" \/><\/a><\/figure>\n\n\n\n<p>En&nbsp;<strong>Punto de Mediaci\u00f3n<\/strong>, nuestra misi\u00f3n es ofrecer servicios de mediaci\u00f3n que se ajusten a las necesidades de las personas y organizaciones, ayud\u00e1ndoles a resolver sus conflictos de manera&nbsp;<strong>eficiente<\/strong>,&nbsp;<strong>confidencial<\/strong>&nbsp;y&nbsp;<strong>justa<\/strong>. Para ello, garantizamos que nuestros servicios est\u00e1n alineados con la normativa vigente, <a href=\"https:\/\/puntodemediacion.es\/index.php\/adaptacion-a-la-ley-1-2025-mediacion-como-requisito-procesal\/\">incluida la&nbsp;<strong>Ley 1\/2025<\/strong>, que regula la&nbsp;<strong>mediaci\u00f3n<\/strong>&nbsp;como un requisito procesal en determinados conflictos. <\/a> <a href=\"https:\/\/puntodemediacion.es\/index.php\/adaptacion-a-la-ley-1-2025-mediacion-como-requisito-procesal\/\">Ver +<\/a><\/p>\n\n\n\n<hr class=\"wp-block-separator has-alpha-channel-opacity\"\/>\n\n\n\n<figure class=\"wp-block-image size-large\"><a href=\"https:\/\/puntodemediacion.es\/index.php\/evita-riesgos-procesales-acreditacion-segura-del-intento-de-mediacion\/\"><img loading=\"lazy\" decoding=\"async\" width=\"1024\" height=\"160\" src=\"https:\/\/puntodemediacion.es\/wp-content\/uploads\/2025\/02\/riesgos-1024x160.png\" alt=\"\" class=\"wp-image-1383\" srcset=\"https:\/\/puntodemediacion.es\/wp-content\/uploads\/2025\/02\/riesgos-1024x160.png 1024w, https:\/\/puntodemediacion.es\/wp-content\/uploads\/2025\/02\/riesgos-300x47.png 300w, https:\/\/puntodemediacion.es\/wp-content\/uploads\/2025\/02\/riesgos-768x120.png 768w, https:\/\/puntodemediacion.es\/wp-content\/uploads\/2025\/02\/riesgos-600x94.png 600w, https:\/\/puntodemediacion.es\/wp-content\/uploads\/2025\/02\/riesgos.png 1181w\" sizes=\"auto, (max-width: 1024px) 100vw, 1024px\" \/><\/a><\/figure>\n\n\n\n<p>Como profesional del derecho, sabes que la negociaci\u00f3n es una herramienta clave en la resoluci\u00f3n de conflictos civiles y mercantiles, ofreciendo rapidez, flexibilidad y menor coste para tus clientes. Sin embargo, con la entrada en vigor de la LO 1\/2025, garantizar el cumplimiento del requisito de procedibilidad se ha convertido en un aspecto crucial para evitar riesgos procesales.<\/p>\n\n\n\n<p>Acudir a una entidad de mediaci\u00f3n acreditada es la forma m\u00e1s segura de demostrar el intento de mediaci\u00f3n, evitando posibles excepciones procesales por defectos en la forma de proponer la demanda. En&nbsp;<strong>PUNTO DE MEDIACI\u00d3N<\/strong>, te ofrecemos un servicio profesional y \u00e1gil para gestionar este tr\u00e1mite con plena validez legal. <a href=\"https:\/\/puntodemediacion.es\/index.php\/evita-riesgos-procesales-acreditacion-segura-del-intento-de-mediacion\/\">Ver +<\/a><\/p>\n\n\n\n<hr class=\"wp-block-separator has-alpha-channel-opacity\"\/>\n\n\n\n<div class=\"wp-block-buttons is-layout-flex wp-block-buttons-is-layout-flex\"><\/div>\n\n\n\n<figure class=\"wp-block-image size-large\"><a href=\"https:\/\/esfem.es\/categoria-producto\/mediacion\/\"><img loading=\"lazy\" decoding=\"async\" width=\"1024\" height=\"147\" src=\"https:\/\/puntodemediacion.es\/wp-content\/uploads\/2025\/01\/cursos-1024x147.png\" alt=\"\" class=\"wp-image-1282\" srcset=\"https:\/\/puntodemediacion.es\/wp-content\/uploads\/2025\/01\/cursos-1024x147.png 1024w, https:\/\/puntodemediacion.es\/wp-content\/uploads\/2025\/01\/cursos-300x43.png 300w, https:\/\/puntodemediacion.es\/wp-content\/uploads\/2025\/01\/cursos-768x110.png 768w, https:\/\/puntodemediacion.es\/wp-content\/uploads\/2025\/01\/cursos-600x86.png 600w, https:\/\/puntodemediacion.es\/wp-content\/uploads\/2025\/01\/cursos.png 1186w\" sizes=\"auto, (max-width: 1024px) 100vw, 1024px\" \/><\/a><\/figure>\n\n\n\n<p><strong>Inscritos en el Registro de Mediadores del Ministerio de Justicia Espa\u00f1ol.<\/strong><\/p>\n\n\n\n<p><a href=\"https:\/\/esfem.es\/categoria-producto\/mediacion\/\">Explora los cursos de mediaci\u00f3n de <strong>Punto de mediaci\u00f3n,<\/strong><\/a><strong> <\/strong>creados para capacitar a profesionales en la resoluci\u00f3n efectiva de conflictos. Adquiere t\u00e9cnicas avanzadas y estrategias pr\u00e1cticas aplicables a una amplia variedad de contextos.<\/p>\n\n\n\n<p>Nuestro programa integral combina teor\u00eda y pr\u00e1ctica, otorg\u00e1ndote una certificaci\u00f3n reconocida en el \u00e1mbito de la mediaci\u00f3n. <strong>Perfecto para quienes desean iniciar una carrera en mediaci\u00f3n o perfeccionar sus habilidades en gesti\u00f3n de conflictos.<\/strong> \u00a1Forma parte de nuestra comunidad y potencia tu capacidad para resolver conflictos con \u00e9xito!<\/p>\n\n\n\n<hr class=\"wp-block-separator has-alpha-channel-opacity\"\/>\n\n\n\n<!DOCTYPE html>\n<html lang=\"es\">\n<head>\n    <meta charset=\"UTF-8\">\n    <meta name=\"viewport\" content=\"width=device-width, initial-scale=1.0\">\n    <title>Preguntas Frecuentes (FAQ)<\/title>\n    <style>\n        body {\n            font-family: Arial, sans-serif;\n            line-height: 1.6;\n            margin: 0;\n            padding: 0;\n        }\n        .faq-container {\n            max-width: 800px;\n            margin: 20px auto;\n            padding: 10px;\n        }\n        .accordion-item {\n            margin: 10px 0;\n        }\n        .accordion-button {\n            background-color: #f1f1f1;\n            color: #333;\n            cursor: pointer;\n            padding: 15px;\n            border: none;\n            outline: none;\n            text-align: left;\n            width: 100%;\n            font-size: 16px;\n            transition: background-color 0.3s ease;\n        }\n        .accordion-button:hover {\n            background-color: #ddd;\n        }\n        .accordion-content {\n            display: none;\n            background-color: #fff;\n            padding: 10px 15px;\n            border: 1px solid #ccc;\n            border-top: none;\n        }\n    <\/style>\n    <script>\n        document.addEventListener(\"DOMContentLoaded\", () => {\n            const buttons = document.querySelectorAll(\".accordion-button\");\n\n            buttons.forEach(button => {\n                button.addEventListener(\"click\", () => {\n                    const content = button.nextElementSibling;\n\n                    \/\/ Toggle the visibility of the content\n                    content.style.display = content.style.display === \"block\" ? \"none\" : \"block\";\n\n                    \/\/ Close other open accordions\n                    buttons.forEach(otherButton => {\n                        if (otherButton !== button) {\n                            otherButton.nextElementSibling.style.display = \"none\";\n                        }\n                    });\n                });\n            });\n        });\n    <\/script>\n<\/head>\n<body>\n    <div class=\"faq-container\">\n        <h2>Preguntas Frecuentes (FAQ)<\/h2>\n        \n        <div class=\"accordion-item\">\n            <button class=\"accordion-button\">1. \u00bfQu\u00e9 es la mediaci\u00f3n y c\u00f3mo funciona?<\/button>\n            <div class=\"accordion-content\">\n                La mediaci\u00f3n es un proceso voluntario y confidencial donde un mediador imparcial ayuda a las partes a resolver conflictos de manera colaborativa. El objetivo es alcanzar acuerdos beneficiosos para todos los involucrados sin necesidad de recurrir a un juicio.\n            <\/div>\n        <\/div>\n        \n        <div class=\"accordion-item\">\n            <button class=\"accordion-button\">2. \u00bfQu\u00e9 tipos de conflictos se pueden mediar?<\/button>\n            <div class=\"accordion-content\">\n                Podemos ayudarte con conflictos familiares, laborales, escolares, comunitarios, mercantiles y m\u00e1s. Si tienes dudas, cont\u00e1ctanos para saber si tu caso es adecuado para la mediaci\u00f3n.\n            <\/div>\n        <\/div>\n        \n        <div class=\"accordion-item\">\n            <button class=\"accordion-button\">3. \u00bfCu\u00e1nto cuesta iniciar un proceso de mediaci\u00f3n?<\/button>\n            <div class=\"accordion-content\">\n                El coste inicial de la solicitud de mediaci\u00f3n es de 60 euros m\u00e1s IVA por cada parte a la que quieras invitar. Esto incluye la gesti\u00f3n de contacto y la convocatoria a una sesi\u00f3n informativa.\n            <\/div>\n        <\/div>\n        \n        <div class=\"accordion-item\">\n            <button class=\"accordion-button\">4. \u00bfQu\u00e9 pasa si alguna de las partes no asiste a la sesi\u00f3n informativa?<\/button>\n            <div class=\"accordion-content\">\n                En caso de inasistencia, emitimos un certificado para el solicitante sin coste adicional. Este documento detalla las personas asistentes y las que rechazaron la invitaci\u00f3n, cumpliendo con los requisitos legales.\n            <\/div>\n        <\/div>\n        \n        <div class=\"accordion-item\">\n            <button class=\"accordion-button\">5. \u00bfQu\u00e9 ocurre si el proceso de mediaci\u00f3n progresa?<\/button>\n            <div class=\"accordion-content\">\n                Si se inicia la mediaci\u00f3n, cada parte involucrada deber\u00e1 abonar 40 euros m\u00e1s IVA por sesi\u00f3n en concepto de gesti\u00f3n y administraci\u00f3n.\n            <\/div>\n        <\/div>\n        \n        <div class=\"accordion-item\">\n            <button class=\"accordion-button\">6. \u00bfEs obligatorio asistir a una mediaci\u00f3n?<\/button>\n            <div class=\"accordion-content\">\n                No es obligatorio, pero actualmente, es un requisito legal certificar que se ha invitado a la otra parte a un proceso de mediaci\u00f3n antes de iniciar un proceso judicial.\n            <\/div>\n        <\/div>\n        \n        <div class=\"accordion-item\">\n            <button class=\"accordion-button\">7. \u00bfCu\u00e1nto tiempo dura un proceso de mediaci\u00f3n?<\/button>\n            <div class=\"accordion-content\">\n                La duraci\u00f3n var\u00eda seg\u00fan la complejidad del conflicto. Por lo general, un proceso de mediaci\u00f3n puede resolverse en una o varias sesiones, dependiendo de la disposici\u00f3n de las partes.\n            <\/div>\n        <\/div>\n        \n        <div class=\"accordion-item\">\n            <button class=\"accordion-button\">8. \u00bfLa mediaci\u00f3n tiene validez legal?<\/button>\n            <div class=\"accordion-content\">\n                S\u00ed. Los acuerdos alcanzados durante la mediaci\u00f3n pueden ser homologados ante notario, otorg\u00e1ndoles validez jur\u00eddica.\n            <\/div>\n        <\/div>\n        \n        <div class=\"accordion-item\">\n            <button class=\"accordion-button\">9. \u00bfQu\u00e9 pasa si no se llega a un acuerdo?<\/button>\n            <div class=\"accordion-content\">\n                Aunque no se alcance un acuerdo, la mediaci\u00f3n es v\u00e1lida. Se emitir\u00e1 un acta final que certifica la asistencia y los esfuerzos realizados para resolver el conflicto.\n            <\/div>\n        <\/div>\n        \n        <div class=\"accordion-item\">\n            <button class=\"accordion-button\">10. \u00bfC\u00f3mo contacto con Punto de Mediaci\u00f3n para empezar?<\/button>\n            <div class=\"accordion-content\">\n                Puedes contactarnos a trav\u00e9s de nuestro formulario en la p\u00e1gina de contacto, por correo electr\u00f3nico o llam\u00e1ndonos al n\u00famero indicado en nuestro sitio web.\n            <\/div>\n        <\/div>\n    <\/div>\n<\/body>\n<\/html>\n","protected":false},"excerpt":{"rendered":"<p>Certificado de Mediaci\u00f3n Solicitud de Mediaci\u00f3n para Cumplir con el Requisito de Procedibilidad Para cumplir con los requisitos establecidos por la Ley 1\/2025, puedes solicitar el intento de mediaci\u00f3n de un conflicto a trav\u00e9s de un Mediador Acreditado o Entidad de Mediaci\u00f3n. El certificado de mediaci\u00f3n, que debe ser emitido por el profesional o instituci\u00f3n [&hellip;]<\/p>\n","protected":false},"author":1,"featured_media":0,"parent":0,"menu_order":0,"comment_status":"closed","ping_status":"closed","template":"elementor_theme","meta":{"footnotes":""},"class_list":["post-743","page","type-page","status-publish","hentry"],"_links":{"self":[{"href":"https:\/\/puntodemediacion.es\/index.php\/wp-json\/wp\/v2\/pages\/743","targetHints":{"allow":["GET"]}}],"collection":[{"href":"https:\/\/puntodemediacion.es\/index.php\/wp-json\/wp\/v2\/pages"}],"about":[{"href":"https:\/\/puntodemediacion.es\/index.php\/wp-json\/wp\/v2\/types\/page"}],"author":[{"embeddable":true,"href":"https:\/\/puntodemediacion.es\/index.php\/wp-json\/wp\/v2\/users\/1"}],"replies":[{"embeddable":true,"href":"https:\/\/puntodemediacion.es\/index.php\/wp-json\/wp\/v2\/comments?post=743"}],"version-history":[{"count":41,"href":"https:\/\/puntodemediacion.es\/index.php\/wp-json\/wp\/v2\/pages\/743\/revisions"}],"predecessor-version":[{"id":1389,"href":"https:\/\/puntodemediacion.es\/index.php\/wp-json\/wp\/v2\/pages\/743\/revisions\/1389"}],"wp:attachment":[{"href":"https:\/\/puntodemediacion.es\/index.php\/wp-json\/wp\/v2\/media?parent=743"}],"curies":[{"name":"wp","href":"https:\/\/api.w.org\/{rel}","templated":true}]}}