{"id":401,"date":"2023-08-23T15:30:23","date_gmt":"2023-08-23T15:30:23","guid":{"rendered":"https:\/\/esfem.es\/conta\/?page_id=401"},"modified":"2025-01-22T16:20:09","modified_gmt":"2025-01-22T16:20:09","slug":"donde-estamos","status":"publish","type":"page","link":"https:\/\/puntodemediacion.es\/index.php\/donde-estamos\/","title":{"rendered":"D\u00f3nde estamos"},"content":{"rendered":"\n<figure class=\"wp-block-image size-medium\"><img loading=\"lazy\" decoding=\"async\" width=\"300\" height=\"150\" src=\"https:\/\/puntodemediacion.es\/wp-content\/uploads\/2023\/08\/R-4-300x150.jpg\" alt=\"\" class=\"wp-image-385\" srcset=\"https:\/\/puntodemediacion.es\/wp-content\/uploads\/2023\/08\/R-4-300x150.jpg 300w, https:\/\/puntodemediacion.es\/wp-content\/uploads\/2023\/08\/R-4-600x300.jpg 600w, https:\/\/puntodemediacion.es\/wp-content\/uploads\/2023\/08\/R-4-1024x512.jpg 1024w, https:\/\/puntodemediacion.es\/wp-content\/uploads\/2023\/08\/R-4-768x384.jpg 768w, https:\/\/puntodemediacion.es\/wp-content\/uploads\/2023\/08\/R-4.jpg 1172w\" sizes=\"auto, (max-width: 300px) 100vw, 300px\" \/><\/figure>\n\n\n\n<p><strong>PUNTO DE MEDIACI\u00d3N S.L.<\/strong><\/p>\n\n\n\n<p>Rua Progreso N.\u00ba 155 &#8211; Entresuelo<\/p>\n\n\n\n<p>32003&nbsp;<strong>OURENSE<\/strong><\/p>\n\n\n\n<p>988 04 00 64<\/p>\n\n\n\n<p><a href=\"mailto:info@esice.net\">info@puntodemediacion.com<\/a><\/p>\n\n\n\n<iframe src=\"https:\/\/www.google.com\/maps\/embed?pb=!1m18!1m12!1m3!1d2948.9955157265285!2d-7.870756223210367!3d42.34261897119462!2m3!1f0!2f0!3f0!3m2!1i1024!2i768!4f13.1!3m3!1m2!1s0xd2ffeb5c8c08355%3A0x493b1e7a05d72b5c!2sR%C3%BAa%20do%20Progreso%2C%20155%2C%2032003%20Ourense!5e0!3m2!1ses!2ses!4v1737562526926!5m2!1ses!2ses\" width=\"400\" height=\"300\" style=\"border:0;\" allowfullscreen=\"\" loading=\"lazy\" referrerpolicy=\"no-referrer-when-downgrade\"><\/iframe>\n\n\n\n<hr class=\"wp-block-separator has-alpha-channel-opacity\"\/>\n\n\n\n<p><strong>PUNTO DE MEDIACI\u00d3N S.L.<\/strong><\/p>\n\n\n\n<p>Calle Pedro As\u00faa N.\u00ba 69 &#8211; 73<\/p>\n\n\n\n<p>01008 <strong>VITORIA &#8211; GASTEIZ <\/strong><\/p>\n\n\n\n<iframe src=\"https:\/\/www.google.com\/maps\/embed?pb=!1m18!1m12!1m3!1d2925.302143942551!2d-2.6926531233789417!3d42.8453529711519!2m3!1f0!2f0!3f0!3m2!1i1024!2i768!4f13.1!3m3!1m2!1s0xd4fc21a4415427f%3A0x527991ac204df389!2sC.%20de%20Pedro%20de%20Asua%2C%2069%2C%2001008%20Vitoria-Gasteiz%2C%20%C3%81lava!5e0!3m2!1ses!2ses!4v1737562773533!5m2!1ses!2ses\" width=\"400\" height=\"300\" style=\"border:0;\" allowfullscreen=\"\" loading=\"lazy\" referrerpolicy=\"no-referrer-when-downgrade\"><\/iframe>\n\n\n\n<hr class=\"wp-block-separator has-alpha-channel-opacity\"\/>\n\n\n\n<p>PUNTO DE MEDIACI\u00d3N est\u00e1 inscrita como entidad de Mediaci\u00f3n en el&nbsp;<strong>Registro de Mediadores e Instituciones de Mediaci\u00f3n.<\/strong><\/p>\n\n\n\n<p><a href=\"https:\/\/remediabuscador.mjusticia.gob.es\/remediabuscador\/DetalleInstitucion.action?id=3411\">Mediadores e Instituciones de Mediaci\u00f3n (mjusticia.gob.es)<\/a><\/p>\n\n\n\n<figure class=\"wp-block-image\"><img decoding=\"async\" src=\"https:\/\/esice.net\/shop\/wp-content\/uploads\/2023\/01\/OIP-6-300x84.jpg\" alt=\"\" class=\"wp-image-1729\"\/><\/figure>\n\n\n\n<hr class=\"wp-block-separator has-alpha-channel-opacity\"\/>\n\n\n\n<figure class=\"wp-block-image size-large\"><a href=\"https:\/\/puntodemediacion.es\/index.php\/preguntas-frecuentes\/\"><img loading=\"lazy\" decoding=\"async\" width=\"1024\" height=\"175\" src=\"https:\/\/puntodemediacion.es\/wp-content\/uploads\/2025\/01\/faqs-1024x175.png\" alt=\"\" class=\"wp-image-1222\" srcset=\"https:\/\/puntodemediacion.es\/wp-content\/uploads\/2025\/01\/faqs-1024x175.png 1024w, https:\/\/puntodemediacion.es\/wp-content\/uploads\/2025\/01\/faqs-300x51.png 300w, https:\/\/puntodemediacion.es\/wp-content\/uploads\/2025\/01\/faqs-768x131.png 768w, https:\/\/puntodemediacion.es\/wp-content\/uploads\/2025\/01\/faqs-600x103.png 600w, https:\/\/puntodemediacion.es\/wp-content\/uploads\/2025\/01\/faqs.png 1188w\" sizes=\"auto, (max-width: 1024px) 100vw, 1024px\" \/><\/a><\/figure>\n\n\n\n<p><a href=\"https:\/\/puntodemediacion.es\/index.php\/preguntas-frecuentes\/\"><strong>Preguntas Frecuentes <\/strong>&#8211; Ley Org\u00e1nica 1\/2025, de 2 de enero, de medidas en materia de eficiencia del Servicio P\u00fablico de Justicia. Ver +<\/a><\/p>\n","protected":false},"excerpt":{"rendered":"<p>PUNTO DE MEDIACI\u00d3N S.L. Rua Progreso N.\u00ba 155 &#8211; Entresuelo 32003&nbsp;OURENSE 988 04 00 64 info@puntodemediacion.com PUNTO DE MEDIACI\u00d3N S.L. Calle Pedro As\u00faa N.\u00ba 69 &#8211; 73 01008 VITORIA &#8211; GASTEIZ PUNTO DE MEDIACI\u00d3N est\u00e1 inscrita como entidad de Mediaci\u00f3n en el&nbsp;Registro de Mediadores e Instituciones de Mediaci\u00f3n. Mediadores e Instituciones de Mediaci\u00f3n (mjusticia.gob.es) Preguntas [&hellip;]<\/p>\n","protected":false},"author":1,"featured_media":0,"parent":0,"menu_order":0,"comment_status":"open","ping_status":"closed","template":"","meta":{"footnotes":""},"class_list":["post-401","page","type-page","status-publish","hentry"],"_links":{"self":[{"href":"https:\/\/puntodemediacion.es\/index.php\/wp-json\/wp\/v2\/pages\/401","targetHints":{"allow":["GET"]}}],"collection":[{"href":"https:\/\/puntodemediacion.es\/index.php\/wp-json\/wp\/v2\/pages"}],"about":[{"href":"https:\/\/puntodemediacion.es\/index.php\/wp-json\/wp\/v2\/types\/page"}],"author":[{"embeddable":true,"href":"https:\/\/puntodemediacion.es\/index.php\/wp-json\/wp\/v2\/users\/1"}],"replies":[{"embeddable":true,"href":"https:\/\/puntodemediacion.es\/index.php\/wp-json\/wp\/v2\/comments?post=401"}],"version-history":[{"count":5,"href":"https:\/\/puntodemediacion.es\/index.php\/wp-json\/wp\/v2\/pages\/401\/revisions"}],"predecessor-version":[{"id":1228,"href":"https:\/\/puntodemediacion.es\/index.php\/wp-json\/wp\/v2\/pages\/401\/revisions\/1228"}],"wp:attachment":[{"href":"https:\/\/puntodemediacion.es\/index.php\/wp-json\/wp\/v2\/media?parent=401"}],"curies":[{"name":"wp","href":"https:\/\/api.w.org\/{rel}","templated":true}]}}