{"id":133,"date":"2023-07-20T15:58:08","date_gmt":"2023-07-20T15:58:08","guid":{"rendered":"https:\/\/esfem.es\/conta\/?page_id=133"},"modified":"2023-12-27T16:25:46","modified_gmt":"2023-12-27T16:25:46","slug":"documentacion","status":"publish","type":"page","link":"https:\/\/puntodemediacion.es\/index.php\/documentacion\/","title":{"rendered":"Documentaci\u00f3n P\u00fablica exigida por el Ministerio de Justicia"},"content":{"rendered":"\n<figure class=\"wp-block-image size-full\"><img loading=\"lazy\" decoding=\"async\" width=\"567\" height=\"121\" src=\"https:\/\/puntodemediacion.es\/wp-content\/uploads\/2023\/12\/Captura233.png\" alt=\"\" class=\"wp-image-879\" srcset=\"https:\/\/puntodemediacion.es\/wp-content\/uploads\/2023\/12\/Captura233.png 567w, https:\/\/puntodemediacion.es\/wp-content\/uploads\/2023\/12\/Captura233-300x64.png 300w\" sizes=\"auto, (max-width: 567px) 100vw, 567px\" \/><\/figure>\n\n\n\n<hr class=\"wp-block-separator has-alpha-channel-opacity\"\/>\n\n\n\n<p><strong>Estatutos Sociales<\/strong><\/p>\n\n\n\n<div data-wp-interactive=\"core\/file\" class=\"wp-block-file\"><object data-wp-bind--hidden=\"!state.hasPdfPreview\" hidden class=\"wp-block-file__embed\" data=\"https:\/\/puntodemediacion.es\/wp-content\/uploads\/2023\/12\/Estatutos-Sociales.pdf\" type=\"application\/pdf\" style=\"width:100%;height:370px\" aria-label=\"Incrustado de Estatutos-Sociales.\"><\/object><a id=\"wp-block-file--media-b348acbe-6859-4cff-a688-fafcb51fc879\" href=\"https:\/\/puntodemediacion.es\/wp-content\/uploads\/2023\/12\/Estatutos-Sociales.pdf\">Estatutos-Sociales<\/a><\/div>\n\n\n\n<hr class=\"wp-block-separator has-alpha-channel-opacity\"\/>\n\n\n\n<p><strong>C\u00f3digo de Conducta<\/strong><\/p>\n\n\n\n<div data-wp-interactive=\"core\/file\" class=\"wp-block-file\"><object data-wp-bind--hidden=\"!state.hasPdfPreview\" hidden class=\"wp-block-file__embed\" data=\"https:\/\/puntodemediacion.es\/wp-content\/uploads\/2023\/12\/Codigo-de-Conducta.pdf\" type=\"application\/pdf\" style=\"width:100%;height:431px\" aria-label=\"Incrustado de Codigo-de-Conducta.\"><\/object><a id=\"wp-block-file--media-70aa7567-1ff5-4446-bafa-1e21eebe7204\" href=\"https:\/\/puntodemediacion.es\/wp-content\/uploads\/2023\/12\/Codigo-de-Conducta.pdf\">Codigo-de-Conducta<\/a><\/div>\n\n\n\n<p><strong>C\u00f3digo Buenas Pr\u00e1cticas<\/strong><\/p>\n\n\n\n<div data-wp-interactive=\"core\/file\" class=\"wp-block-file\"><object data-wp-bind--hidden=\"!state.hasPdfPreview\" hidden class=\"wp-block-file__embed\" data=\"https:\/\/puntodemediacion.es\/wp-content\/uploads\/2023\/12\/Buenas-Practicas.pdf\" type=\"application\/pdf\" style=\"width:100%;height:407px\" aria-label=\"Incrustado de Buenas-Practicas.\"><\/object><a id=\"wp-block-file--media-3e049877-6b57-4214-aa81-d03d3227ba94\" href=\"https:\/\/puntodemediacion.es\/wp-content\/uploads\/2023\/12\/Buenas-Practicas.pdf\">Buenas-Practicas<\/a><\/div>\n","protected":false},"excerpt":{"rendered":"<p>Estatutos Sociales C\u00f3digo de Conducta C\u00f3digo Buenas Pr\u00e1cticas<\/p>\n","protected":false},"author":1,"featured_media":0,"parent":0,"menu_order":0,"comment_status":"open","ping_status":"closed","template":"","meta":{"footnotes":""},"class_list":["post-133","page","type-page","status-publish","hentry"],"_links":{"self":[{"href":"https:\/\/puntodemediacion.es\/index.php\/wp-json\/wp\/v2\/pages\/133","targetHints":{"allow":["GET"]}}],"collection":[{"href":"https:\/\/puntodemediacion.es\/index.php\/wp-json\/wp\/v2\/pages"}],"about":[{"href":"https:\/\/puntodemediacion.es\/index.php\/wp-json\/wp\/v2\/types\/page"}],"author":[{"embeddable":true,"href":"https:\/\/puntodemediacion.es\/index.php\/wp-json\/wp\/v2\/users\/1"}],"replies":[{"embeddable":true,"href":"https:\/\/puntodemediacion.es\/index.php\/wp-json\/wp\/v2\/comments?post=133"}],"version-history":[{"count":8,"href":"https:\/\/puntodemediacion.es\/index.php\/wp-json\/wp\/v2\/pages\/133\/revisions"}],"predecessor-version":[{"id":883,"href":"https:\/\/puntodemediacion.es\/index.php\/wp-json\/wp\/v2\/pages\/133\/revisions\/883"}],"wp:attachment":[{"href":"https:\/\/puntodemediacion.es\/index.php\/wp-json\/wp\/v2\/media?parent=133"}],"curies":[{"name":"wp","href":"https:\/\/api.w.org\/{rel}","templated":true}]}}