{"id":1072,"date":"2025-01-15T16:18:37","date_gmt":"2025-01-15T16:18:37","guid":{"rendered":"https:\/\/puntodemediacion.es\/?page_id=1072"},"modified":"2025-05-08T08:45:14","modified_gmt":"2025-05-08T08:45:14","slug":"solicitud-de-mediacion","status":"publish","type":"page","link":"https:\/\/puntodemediacion.es\/index.php\/solicitud-de-mediacion\/","title":{"rendered":"Solicitud de Mediaci\u00f3n"},"content":{"rendered":"<div class=\"forminator-ui forminator-custom-form forminator-custom-form-1071 forminator-design--bold  forminator_ajax\" data-forminator-render=\"0\" data-form=\"forminator-module-1071\" data-uid=\"69f1df4ced810\"><br\/><\/div><form\n\t\t\t\tid=\"forminator-module-1071\"\n\t\t\t\tclass=\"forminator-ui forminator-custom-form forminator-custom-form-1071 forminator-design--bold  forminator_ajax\"\n\t\t\t\tmethod=\"post\"\n\t\t\t\tdata-forminator-render=\"0\"\n\t\t\t\tdata-form-id=\"1071\"\n\t\t\t\t data-color-option=\"theme\" data-design=\"bold\" data-grid=\"open\" style=\"display: none;\"\n\t\t\t\tdata-uid=\"69f1df4ced810\"\n\t\t\t><div role=\"alert\" aria-live=\"polite\" class=\"forminator-response-message forminator-error\" aria-hidden=\"true\"><\/div><div class=\"forminator-row\"><div id=\"section-1\" class=\"forminator-field-section forminator-col forminator-col-12 \"><div class=\"forminator-field\"><h2 class=\"forminator-title\">PARTE SOLICITANTE<\/h2><\/div><\/div><\/div><div class=\"forminator-row\"><div id=\"name-1\" class=\"forminator-field-name forminator-col forminator-col-12 \"><div class=\"forminator-field\"><label for=\"forminator-field-name-1_69f1df4ced810\" id=\"forminator-field-name-1_69f1df4ced810-label\" class=\"forminator-label\">Nombre y Apellidos o Raz\u00f3n Social <span class=\"forminator-required\">*<\/span><\/label><input type=\"text\" name=\"name-1\" value=\"\" placeholder=\"\" id=\"forminator-field-name-1_69f1df4ced810\" class=\"forminator-input forminator-name--field\" aria-required=\"true\" autocomplete=\"name\" \/><\/div><\/div><\/div><div class=\"forminator-row\"><div id=\"phone-1\" class=\"forminator-field-phone forminator-col forminator-col-6 \"><div class=\"forminator-field\"><label for=\"forminator-field-phone-1_69f1df4ced810\" id=\"forminator-field-phone-1_69f1df4ced810-label\" class=\"forminator-label\">Tel\u00e9fono <span class=\"forminator-required\">*<\/span><\/label><input type=\"text\" name=\"phone-1\" value=\"\" placeholder=\"\" id=\"forminator-field-phone-1_69f1df4ced810\" class=\"forminator-input forminator-field--phone\" data-required=\"1\" aria-required=\"true\" autocomplete=\"off\" \/><\/div><\/div><div id=\"email-1\" class=\"forminator-field-email forminator-col forminator-col-6 \"><div class=\"forminator-field\"><label for=\"forminator-field-email-1_69f1df4ced810\" id=\"forminator-field-email-1_69f1df4ced810-label\" class=\"forminator-label\">Direcci\u00f3n de correo electr\u00f3nico<\/label><input type=\"email\" name=\"email-1\" value=\"\" placeholder=\"\" id=\"forminator-field-email-1_69f1df4ced810\" class=\"forminator-input forminator-email--field\" data-required=\"\" aria-required=\"false\" autocomplete=\"email\" \/><\/div><\/div><\/div><div class=\"forminator-row\"><div id=\"address-1\" class=\"forminator-field-address forminator-col forminator-col-12 \"><div class=\"forminator-row\"><div id=\"address-1-street_address\" class=\"forminator-col\"><div class=\"forminator-field\"><label for=\"forminator-field-address-1-street_address_69f1df4ced810\" id=\"forminator-field-address-1-street_address_69f1df4ced810-label\" class=\"forminator-label\">Direcci\u00f3n <span class=\"forminator-required\">*<\/span><\/label><input type=\"text\" name=\"address-1-street_address\" placeholder=\"\" id=\"forminator-field-address-1-street_address_69f1df4ced810\" class=\"forminator-input\" data-required=\"1\" aria-required=\"true\" autocomplete=\"address-line1\" value=\"\" \/><\/div><\/div><\/div><div class=\"forminator-row\" data-multiple=\"true\"><div id=\"address-1-city\" class=\"forminator-col forminator-col-6\"><div class=\"forminator-field\"><label for=\"forminator-field-address-1-city_69f1df4ced810\" id=\"forminator-field-address-1-city_69f1df4ced810-label\" class=\"forminator-label\">Ciudad<\/label><input type=\"text\" name=\"address-1-city\" placeholder=\"\" id=\"forminator-field-address-1-city_69f1df4ced810\" class=\"forminator-input\" data-required=\"\" aria-required=\"false\" autocomplete=\"address-level2\" value=\"\" \/><\/div><\/div><div id=\"address-1-state\" class=\"forminator-col forminator-col-6\"><div class=\"forminator-field\"><label for=\"forminator-field-address-1-state_69f1df4ced810\" id=\"forminator-field-address-1-state_69f1df4ced810-label\" class=\"forminator-label\">Provincia<\/label><input type=\"text\" name=\"address-1-state\" placeholder=\"\" id=\"forminator-field-address-1-state_69f1df4ced810\" class=\"forminator-input\" data-required=\"\" aria-required=\"false\" autocomplete=\"address-level1\" value=\"\" \/><\/div><\/div><\/div><div class=\"forminator-row\" data-multiple=\"false\"><div id=\"address-1-zip\" class=\"forminator-col forminator-col-12\"><div class=\"forminator-field\"><label for=\"forminator-field-address-1-zip_69f1df4ced810\" id=\"forminator-field-address-1-zip_69f1df4ced810-label\" class=\"forminator-label\">C\u00f3digo postal<\/label><input type=\"text\" name=\"address-1-zip\" placeholder=\"\" id=\"forminator-field-address-1-zip_69f1df4ced810\" class=\"forminator-input\" autocomplete=\"postal-code\" value=\"\" \/><\/div><\/div><\/div><\/div><\/div><div class=\"forminator-row\"><div id=\"textarea-1\" class=\"forminator-field-textarea forminator-col forminator-col-12 \"><div class=\"forminator-field\"><label for=\"forminator-field-textarea-1_69f1df4ced810\" id=\"forminator-field-textarea-1_69f1df4ced810-label\" class=\"forminator-label\">Breve descripci\u00f3n de la controversia:<\/label><textarea name=\"textarea-1\" placeholder=\"\" id=\"forminator-field-textarea-1_69f1df4ced810\" class=\"forminator-textarea\" rows=\"6\" style=\"min-height:140px;\" ><\/textarea><\/div><\/div><\/div><div class=\"forminator-row\"><div id=\"section-2\" class=\"forminator-field-section forminator-col forminator-col-12 \"><div class=\"forminator-field\"><h2 class=\"forminator-title\">PARTE SOLICITADA<\/h2><\/div><\/div><\/div><div class=\"forminator-row\"><div id=\"name-2\" class=\"forminator-field-name forminator-col forminator-col-12 \"><div class=\"forminator-field\"><label for=\"forminator-field-name-2_69f1df4ced810\" id=\"forminator-field-name-2_69f1df4ced810-label\" class=\"forminator-label\">Nombre y Apellidos o Raz\u00f3n Social <span class=\"forminator-required\">*<\/span><\/label><input type=\"text\" name=\"name-2\" value=\"\" placeholder=\"\" id=\"forminator-field-name-2_69f1df4ced810\" class=\"forminator-input forminator-name--field\" aria-required=\"true\" autocomplete=\"name\" \/><\/div><\/div><\/div><div class=\"forminator-row\"><div id=\"email-2\" class=\"forminator-field-email forminator-col forminator-col-6 \"><div class=\"forminator-field\"><label for=\"forminator-field-email-2_69f1df4ced810\" id=\"forminator-field-email-2_69f1df4ced810-label\" class=\"forminator-label\">Direcci\u00f3n de correo electr\u00f3nico<\/label><input type=\"email\" name=\"email-2\" value=\"\" placeholder=\"\" id=\"forminator-field-email-2_69f1df4ced810\" class=\"forminator-input forminator-email--field\" data-required=\"\" aria-required=\"false\" autocomplete=\"email\" \/><\/div><\/div><div id=\"phone-2\" class=\"forminator-field-phone forminator-col forminator-col-6 \"><div class=\"forminator-field\"><label for=\"forminator-field-phone-2_69f1df4ced810\" id=\"forminator-field-phone-2_69f1df4ced810-label\" class=\"forminator-label\">Tel\u00e9fono <span class=\"forminator-required\">*<\/span><\/label><input type=\"text\" name=\"phone-2\" value=\"\" placeholder=\"\" id=\"forminator-field-phone-2_69f1df4ced810\" class=\"forminator-input forminator-field--phone\" data-required=\"1\" aria-required=\"true\" autocomplete=\"off\" \/><\/div><\/div><\/div><div class=\"forminator-row\"><div id=\"address-2\" class=\"forminator-field-address forminator-col forminator-col-12 \"><div class=\"forminator-row\"><div id=\"address-2-street_address\" class=\"forminator-col\"><div class=\"forminator-field\"><label for=\"forminator-field-address-2-street_address_69f1df4ced810\" id=\"forminator-field-address-2-street_address_69f1df4ced810-label\" class=\"forminator-label\">Direcci\u00f3n<\/label><input type=\"text\" name=\"address-2-street_address\" placeholder=\"\" id=\"forminator-field-address-2-street_address_69f1df4ced810\" class=\"forminator-input\" data-required=\"\" aria-required=\"false\" autocomplete=\"address-line1\" value=\"\" \/><\/div><\/div><\/div><div class=\"forminator-row\" data-multiple=\"true\"><div id=\"address-2-city\" class=\"forminator-col forminator-col-6\"><div class=\"forminator-field\"><label for=\"forminator-field-address-2-city_69f1df4ced810\" id=\"forminator-field-address-2-city_69f1df4ced810-label\" class=\"forminator-label\">Ciudad<\/label><input type=\"text\" name=\"address-2-city\" placeholder=\"\" id=\"forminator-field-address-2-city_69f1df4ced810\" class=\"forminator-input\" data-required=\"\" aria-required=\"false\" autocomplete=\"address-level2\" value=\"\" \/><\/div><\/div><div id=\"address-2-state\" class=\"forminator-col forminator-col-6\"><div class=\"forminator-field\"><label for=\"forminator-field-address-2-state_69f1df4ced810\" id=\"forminator-field-address-2-state_69f1df4ced810-label\" class=\"forminator-label\">Provincia<\/label><input type=\"text\" name=\"address-2-state\" placeholder=\"\" id=\"forminator-field-address-2-state_69f1df4ced810\" class=\"forminator-input\" data-required=\"\" aria-required=\"false\" autocomplete=\"address-level1\" value=\"\" \/><\/div><\/div><\/div><div class=\"forminator-row\" data-multiple=\"false\"><div id=\"address-2-zip\" class=\"forminator-col forminator-col-12\"><div class=\"forminator-field\"><label for=\"forminator-field-address-2-zip_69f1df4ced810\" id=\"forminator-field-address-2-zip_69f1df4ced810-label\" class=\"forminator-label\">C\u00f3digo postal<\/label><input type=\"text\" name=\"address-2-zip\" placeholder=\"\" id=\"forminator-field-address-2-zip_69f1df4ced810\" class=\"forminator-input\" autocomplete=\"postal-code\" value=\"\" \/><\/div><\/div><\/div><\/div><\/div><div class=\"forminator-row\"><div id=\"textarea-2\" class=\"forminator-field-textarea forminator-col forminator-col-12 \"><div class=\"forminator-field\"><label for=\"forminator-field-textarea-2_69f1df4ced810\" id=\"forminator-field-textarea-2_69f1df4ced810-label\" class=\"forminator-label\">Observaciones<\/label><textarea name=\"textarea-2\" placeholder=\"\" id=\"forminator-field-textarea-2_69f1df4ced810\" class=\"forminator-textarea\" rows=\"6\" style=\"min-height:140px;\" ><\/textarea><\/div><\/div><\/div><div class=\"forminator-row\"><div id=\"consent-1\" class=\"forminator-field-consent forminator-col forminator-col-12 \"><div class=\"forminator-field\"><label for=\"forminator-field-consent-1_69f1df4ced810\" id=\"forminator-field-consent-1_69f1df4ced810-label\" class=\"forminator-label\">Consent <span class=\"forminator-required\">*<\/span><\/label><div class=\"forminator-checkbox__wrapper\"><label id=\"forminator-field-consent-1_69f1df4ced810__label\" class=\"forminator-checkbox forminator-consent\" aria-labelledby=\"forminator-field-consent-1_69f1df4ced810-label\"><input type=\"checkbox\" name=\"consent-1\" id=\"forminator-field-consent-1_69f1df4ced810\" value=\"checked\" aria-labelledby=\"forminator-field-consent-1_69f1df4ced810-label\" aria-describedby=\"forminator-field-consent-1_69f1df4ced810__description\" data-required=\"true\" aria-required=\"true\" \/><span class=\"forminator-checkbox-box\" aria-hidden=\"true\"><\/span><\/label><div id=\"forminator-field-consent-1_69f1df4ced810__description\" class=\"forminator-checkbox__label forminator-consent__label\">S\u00ed, estoy de acuerdo con la <a href=\"#\" target=\"_blank\">pol\u00edtica de privacidad<\/a> y <a href=\"#\" target=\"_blank\">condiciones generales<\/a>.<\/div><\/div><\/div><\/div><\/div><div class=\"forminator-row\"><div id=\"captcha-1\" class=\"forminator-field-captcha forminator-col forminator-col-12 \"><div class=\"forminator-captcha-left forminator-g-recaptcha\" data-theme=\"light\"  data-sitekey=\"6LdSyY4qAAAAAHQexpXRWCM1yGxzINriL1pkg3Xd\" data-size=\"normal\"><\/div> <\/div><\/div><input type=\"hidden\" name=\"referer_url\" value=\"\" \/><div class=\"forminator-row forminator-row-last\"><div class=\"forminator-col\"><div class=\"forminator-field\"><button class=\"forminator-button forminator-button-submit\">Solicitar Mediaci&oacute;n<\/button><\/div><\/div><\/div><input type=\"hidden\" id=\"forminator_nonce\" name=\"forminator_nonce\" value=\"459fbb0b8d\" \/><input type=\"hidden\" name=\"_wp_http_referer\" value=\"\/index.php\/wp-json\/wp\/v2\/pages\/1072\" \/><input type=\"hidden\" name=\"form_id\" value=\"1071\"><input type=\"hidden\" name=\"page_id\" value=\"1072\"><input type=\"hidden\" name=\"form_type\" value=\"default\"><input type=\"hidden\" name=\"current_url\" value=\"https:\/\/puntodemediacion.es\/index.php\/solicitud-de-mediacion\/\"><input type=\"hidden\" name=\"render_id\" value=\"0\"><input type=\"hidden\" name=\"action\" value=\"forminator_submit_form_custom-forms\"><\/form>\n\n\n\n<figure class=\"wp-block-image size-large\"><a href=\"https:\/\/puntodemediacion.es\/index.php\/que-proceso-seguimos-cuando-nos-haces-una-solicitud-de-mediacion\/\"><img loading=\"lazy\" decoding=\"async\" width=\"1024\" height=\"131\" src=\"https:\/\/puntodemediacion.es\/wp-content\/uploads\/2025\/01\/proceso-1024x131.png\" alt=\"\" class=\"wp-image-1369\" srcset=\"https:\/\/puntodemediacion.es\/wp-content\/uploads\/2025\/01\/proceso-1024x131.png 1024w, https:\/\/puntodemediacion.es\/wp-content\/uploads\/2025\/01\/proceso-300x38.png 300w, https:\/\/puntodemediacion.es\/wp-content\/uploads\/2025\/01\/proceso-768x98.png 768w, https:\/\/puntodemediacion.es\/wp-content\/uploads\/2025\/01\/proceso-600x77.png 600w, https:\/\/puntodemediacion.es\/wp-content\/uploads\/2025\/01\/proceso.png 1248w\" sizes=\"auto, (max-width: 1024px) 100vw, 1024px\" \/><\/a><\/figure>\n\n\n\n<p><a href=\"https:\/\/puntodemediacion.es\/index.php\/que-proceso-seguimos-cuando-nos-haces-una-solicitud-de-mediacion\/\">Pincha aqu\u00ed para ver el proceso que seguimos cuando nos solicitas una mediaci\u00f3n.<\/a><\/p>\n\n\n\n<hr class=\"wp-block-separator has-alpha-channel-opacity\"\/>\n\n\n\n<figure class=\"wp-block-image\"><a href=\"https:\/\/puntodemediacion.es\/index.php\/condiciones-y-tarifas-de-mediacion\/\"><img loading=\"lazy\" decoding=\"async\" width=\"1024\" height=\"126\" src=\"https:\/\/puntodemediacion.es\/wp-content\/uploads\/2025\/01\/Captura-tasas-1024x126.png\" alt=\"\" class=\"wp-image-1053\" srcset=\"https:\/\/puntodemediacion.es\/wp-content\/uploads\/2025\/01\/Captura-tasas-1024x126.png 1024w, https:\/\/puntodemediacion.es\/wp-content\/uploads\/2025\/01\/Captura-tasas-300x37.png 300w, https:\/\/puntodemediacion.es\/wp-content\/uploads\/2025\/01\/Captura-tasas-768x95.png 768w, https:\/\/puntodemediacion.es\/wp-content\/uploads\/2025\/01\/Captura-tasas-600x74.png 600w, https:\/\/puntodemediacion.es\/wp-content\/uploads\/2025\/01\/Captura-tasas.png 1178w\" sizes=\"auto, (max-width: 1024px) 100vw, 1024px\" \/><\/a><\/figure>\n\n\n\n<h3 class=\"wp-block-heading\">Tasas de Admisi\u00f3n (por solicitud)<\/h3>\n\n\n\n<p><strong>La solicitud de admisi\u00f3n a mediaci\u00f3n tiene un coste de 90 euros, que deber\u00e1 ser abonado por el solicitante por cada parte invitada al proceso de mediaci\u00f3n.<\/strong><\/p>\n\n\n\n<p>Esto significa que si el solicitante invita a una sola parte, el coste ser\u00e1 de 90 euros. Sin embargo, si se invita a dos partes, el coste ser\u00e1 de 180 euros, y as\u00ed sucesivamente dependiendo del n\u00famero de partes involucradas.<\/p>\n\n\n\n<p>Una vez realizado el pago,&nbsp;<strong>PUNTO DE MEDIACI\u00d3N<\/strong>&nbsp;se encargar\u00e1 de contactar con todas las partes invitadas para convocarlas a una sesi\u00f3n informativa, iniciando as\u00ed el proceso con los efectos jur\u00eddicos correspondientes. Esta tasa incluye la emisi\u00f3n de un certificado en caso de inasistencia de alguna de las partes convocadas, cumpliendo con el requisito de procedibilidad establecido por la&nbsp;<strong>Ley 1\/2025<\/strong>.<\/p>\n\n\n\n<p>Por tanto, en caso de inasistencia de alguna de las partes invitadas, se emitir\u00e1 el certificado correspondiente sin que sea necesario abonar ninguna cantidad adicional.&nbsp;<strong><a href=\"https:\/\/puntodemediacion.es\/index.php\/condiciones-y-tarifas-de-mediacion\/\">Leer mas +<\/a><\/strong><\/p>\n\n\n\n<hr class=\"wp-block-separator has-alpha-channel-opacity\"\/>\n\n\n\n<figure class=\"wp-block-image\"><img loading=\"lazy\" decoding=\"async\" width=\"1024\" height=\"175\" src=\"https:\/\/puntodemediacion.es\/wp-content\/uploads\/2025\/01\/faqs-1024x175.png\" alt=\"\" class=\"wp-image-1222\" srcset=\"https:\/\/puntodemediacion.es\/wp-content\/uploads\/2025\/01\/faqs-1024x175.png 1024w, https:\/\/puntodemediacion.es\/wp-content\/uploads\/2025\/01\/faqs-300x51.png 300w, https:\/\/puntodemediacion.es\/wp-content\/uploads\/2025\/01\/faqs-768x131.png 768w, https:\/\/puntodemediacion.es\/wp-content\/uploads\/2025\/01\/faqs-600x103.png 600w, https:\/\/puntodemediacion.es\/wp-content\/uploads\/2025\/01\/faqs.png 1188w\" sizes=\"auto, (max-width: 1024px) 100vw, 1024px\" \/><\/figure>\n\n\n\n<p><a href=\"https:\/\/puntodemediacion.es\/index.php\/preguntas-frecuentes\/\"><strong>Preguntas Frecuentes&nbsp;<\/strong>\u2013 Ley Org\u00e1nica 1\/2025, de 2 de enero, de medidas en materia de eficiencia del Servicio P\u00fablico de Justicia. Ver +<\/a><\/p>\n","protected":false},"excerpt":{"rendered":"<p>Pincha aqu\u00ed para ver el proceso que seguimos cuando nos solicitas una mediaci\u00f3n. Tasas de Admisi\u00f3n (por solicitud) La solicitud de admisi\u00f3n a mediaci\u00f3n tiene un coste de 90 euros, que deber\u00e1 ser abonado por el solicitante por cada parte invitada al proceso de mediaci\u00f3n. Esto significa que si el solicitante invita a una sola [&hellip;]<\/p>\n","protected":false},"author":1,"featured_media":0,"parent":0,"menu_order":0,"comment_status":"closed","ping_status":"closed","template":"","meta":{"footnotes":""},"class_list":["post-1072","page","type-page","status-publish","hentry"],"_links":{"self":[{"href":"https:\/\/puntodemediacion.es\/index.php\/wp-json\/wp\/v2\/pages\/1072","targetHints":{"allow":["GET"]}}],"collection":[{"href":"https:\/\/puntodemediacion.es\/index.php\/wp-json\/wp\/v2\/pages"}],"about":[{"href":"https:\/\/puntodemediacion.es\/index.php\/wp-json\/wp\/v2\/types\/page"}],"author":[{"embeddable":true,"href":"https:\/\/puntodemediacion.es\/index.php\/wp-json\/wp\/v2\/users\/1"}],"replies":[{"embeddable":true,"href":"https:\/\/puntodemediacion.es\/index.php\/wp-json\/wp\/v2\/comments?post=1072"}],"version-history":[{"count":4,"href":"https:\/\/puntodemediacion.es\/index.php\/wp-json\/wp\/v2\/pages\/1072\/revisions"}],"predecessor-version":[{"id":1483,"href":"https:\/\/puntodemediacion.es\/index.php\/wp-json\/wp\/v2\/pages\/1072\/revisions\/1483"}],"wp:attachment":[{"href":"https:\/\/puntodemediacion.es\/index.php\/wp-json\/wp\/v2\/media?parent=1072"}],"curies":[{"name":"wp","href":"https:\/\/api.w.org\/{rel}","templated":true}]}}